{"id":35,"date":"2025-04-01T18:10:48","date_gmt":"2025-04-01T16:10:48","guid":{"rendered":"https:\/\/template.motive.ink\/?page_id=17"},"modified":"2025-04-19T10:36:11","modified_gmt":"2025-04-19T08:36:11","slug":"storia","status":"publish","type":"page","link":"https:\/\/www.pizzaprisco.it\/en\/history\/","title":{"rendered":"History"},"content":{"rendered":"<p><\/p>\n\n\n\n<p><\/p>\n\n\n\n<p><\/p>\n\n\n\n<p><\/p>","protected":false},"excerpt":{"rendered":"","protected":false},"author":9,"featured_media":3035,"parent":0,"menu_order":0,"comment_status":"closed","ping_status":"closed","template":"","meta":{"footnotes":""},"class_list":["post-35","page","type-page","status-publish","format-standard","has-post-thumbnail","hentry"],"yoast_head":"<!-- This site is optimized with the Yoast SEO plugin v24.9 - https:\/\/yoast.com\/wordpress\/plugins\/seo\/ -->\n<title>Storia - Pizza Prisco<\/title>\n<meta name=\"robots\" content=\"index, follow, max-snippet:-1, max-image-preview:large, max-video-preview:-1\" \/>\n<link rel=\"canonical\" href=\"https:\/\/www.pizzaprisco.it\/en\/history\/\" \/>\n<meta property=\"og:locale\" content=\"en_GB\" \/>\n<meta property=\"og:type\" content=\"article\" \/>\n<meta property=\"og:title\" content=\"Storia - Pizza Prisco\" \/>\n<meta property=\"og:url\" content=\"https:\/\/www.pizzaprisco.it\/en\/history\/\" \/>\n<meta property=\"og:site_name\" content=\"Pizza Prisco\" \/>\n<meta property=\"article:publisher\" content=\"https:\/\/www.facebook.com\/profile.php?id=61556349261229\" \/>\n<meta property=\"article:modified_time\" content=\"2025-04-19T08:36:11+00:00\" \/>\n<meta property=\"og:image\" content=\"https:\/\/www.pizzaprisco.it\/wp-content\/uploads\/2025\/02\/0H8A9676.jpg\" \/>\n\t<meta property=\"og:image:width\" content=\"1267\" \/>\n\t<meta property=\"og:image:height\" content=\"1900\" \/>\n\t<meta property=\"og:image:type\" content=\"image\/jpeg\" \/>\n<meta name=\"twitter:card\" content=\"summary_large_image\" \/>\n<meta name=\"twitter:label1\" content=\"Estimated reading time\" \/>\n\t<meta name=\"twitter:data1\" content=\"1 minute\" \/>\n<script type=\"application\/ld+json\" class=\"yoast-schema-graph\">{\"@context\":\"https:\/\/schema.org\",\"@graph\":[{\"@type\":\"WebPage\",\"@id\":\"https:\/\/www.pizzaprisco.it\/storia\/\",\"url\":\"https:\/\/www.pizzaprisco.it\/storia\/\",\"name\":\"Storia - Pizza Prisco\",\"isPartOf\":{\"@id\":\"https:\/\/www.pizzaprisco.it\/#website\"},\"primaryImageOfPage\":{\"@id\":\"https:\/\/www.pizzaprisco.it\/storia\/#primaryimage\"},\"image\":{\"@id\":\"https:\/\/www.pizzaprisco.it\/storia\/#primaryimage\"},\"thumbnailUrl\":\"https:\/\/www.pizzaprisco.it\/wp-content\/uploads\/2025\/02\/0H8A9676.jpg\",\"datePublished\":\"2025-04-01T16:10:48+00:00\",\"dateModified\":\"2025-04-19T08:36:11+00:00\",\"breadcrumb\":{\"@id\":\"https:\/\/www.pizzaprisco.it\/storia\/#breadcrumb\"},\"inLanguage\":\"en-GB\",\"potentialAction\":[{\"@type\":\"ReadAction\",\"target\":[\"https:\/\/www.pizzaprisco.it\/storia\/\"]}]},{\"@type\":\"ImageObject\",\"inLanguage\":\"en-GB\",\"@id\":\"https:\/\/www.pizzaprisco.it\/storia\/#primaryimage\",\"url\":\"https:\/\/www.pizzaprisco.it\/wp-content\/uploads\/2025\/02\/0H8A9676.jpg\",\"contentUrl\":\"https:\/\/www.pizzaprisco.it\/wp-content\/uploads\/2025\/02\/0H8A9676.jpg\",\"width\":1267,\"height\":1900},{\"@type\":\"BreadcrumbList\",\"@id\":\"https:\/\/www.pizzaprisco.it\/storia\/#breadcrumb\",\"itemListElement\":[{\"@type\":\"ListItem\",\"position\":1,\"name\":\"Home\",\"item\":\"https:\/\/www.pizzaprisco.it\/\"},{\"@type\":\"ListItem\",\"position\":2,\"name\":\"Storia\"}]},{\"@type\":\"WebSite\",\"@id\":\"https:\/\/www.pizzaprisco.it\/#website\",\"url\":\"https:\/\/www.pizzaprisco.it\/\",\"name\":\"jocarestaurant\",\"description\":\"Pizza verace cilento napoletana\",\"publisher\":{\"@id\":\"https:\/\/www.pizzaprisco.it\/#organization\"},\"potentialAction\":[{\"@type\":\"SearchAction\",\"target\":{\"@type\":\"EntryPoint\",\"urlTemplate\":\"https:\/\/www.pizzaprisco.it\/?s={search_term_string}\"},\"query-input\":{\"@type\":\"PropertyValueSpecification\",\"valueRequired\":true,\"valueName\":\"search_term_string\"}}],\"inLanguage\":\"en-GB\"},{\"@type\":\"Organization\",\"@id\":\"https:\/\/www.pizzaprisco.it\/#organization\",\"name\":\"Joca\",\"url\":\"https:\/\/www.pizzaprisco.it\/\",\"logo\":{\"@type\":\"ImageObject\",\"inLanguage\":\"en-GB\",\"@id\":\"https:\/\/www.pizzaprisco.it\/#\/schema\/logo\/image\/\",\"url\":\"https:\/\/www.pizzaprisco.it\/wp-content\/uploads\/2024\/02\/joca-asset-logo-00006.svg\",\"contentUrl\":\"https:\/\/www.pizzaprisco.it\/wp-content\/uploads\/2024\/02\/joca-asset-logo-00006.svg\",\"width\":1,\"height\":1,\"caption\":\"Joca\"},\"image\":{\"@id\":\"https:\/\/www.pizzaprisco.it\/#\/schema\/logo\/image\/\"},\"sameAs\":[\"https:\/\/www.facebook.com\/profile.php?id=61556349261229\",\"https:\/\/www.instagram.com\/joca.restaurant\/\"]}]}<\/script>\n<!-- \/ Yoast SEO plugin. -->","yoast_head_json":{"title":"Storia - Pizza Prisco","robots":{"index":"index","follow":"follow","max-snippet":"max-snippet:-1","max-image-preview":"max-image-preview:large","max-video-preview":"max-video-preview:-1"},"canonical":"https:\/\/www.pizzaprisco.it\/en\/history\/","og_locale":"en_GB","og_type":"article","og_title":"Storia - Pizza Prisco","og_url":"https:\/\/www.pizzaprisco.it\/en\/history\/","og_site_name":"Pizza Prisco","article_publisher":"https:\/\/www.facebook.com\/profile.php?id=61556349261229","article_modified_time":"2025-04-19T08:36:11+00:00","og_image":[{"width":1267,"height":1900,"url":"https:\/\/www.pizzaprisco.it\/wp-content\/uploads\/2025\/02\/0H8A9676.jpg","type":"image\/jpeg"}],"twitter_card":"summary_large_image","twitter_misc":{"Estimated reading time":"1 minute"},"schema":{"@context":"https:\/\/schema.org","@graph":[{"@type":"WebPage","@id":"https:\/\/www.pizzaprisco.it\/storia\/","url":"https:\/\/www.pizzaprisco.it\/storia\/","name":"Storia - Pizza Prisco","isPartOf":{"@id":"https:\/\/www.pizzaprisco.it\/#website"},"primaryImageOfPage":{"@id":"https:\/\/www.pizzaprisco.it\/storia\/#primaryimage"},"image":{"@id":"https:\/\/www.pizzaprisco.it\/storia\/#primaryimage"},"thumbnailUrl":"https:\/\/www.pizzaprisco.it\/wp-content\/uploads\/2025\/02\/0H8A9676.jpg","datePublished":"2025-04-01T16:10:48+00:00","dateModified":"2025-04-19T08:36:11+00:00","breadcrumb":{"@id":"https:\/\/www.pizzaprisco.it\/storia\/#breadcrumb"},"inLanguage":"en-GB","potentialAction":[{"@type":"ReadAction","target":["https:\/\/www.pizzaprisco.it\/storia\/"]}]},{"@type":"ImageObject","inLanguage":"en-GB","@id":"https:\/\/www.pizzaprisco.it\/storia\/#primaryimage","url":"https:\/\/www.pizzaprisco.it\/wp-content\/uploads\/2025\/02\/0H8A9676.jpg","contentUrl":"https:\/\/www.pizzaprisco.it\/wp-content\/uploads\/2025\/02\/0H8A9676.jpg","width":1267,"height":1900},{"@type":"BreadcrumbList","@id":"https:\/\/www.pizzaprisco.it\/storia\/#breadcrumb","itemListElement":[{"@type":"ListItem","position":1,"name":"Home","item":"https:\/\/www.pizzaprisco.it\/"},{"@type":"ListItem","position":2,"name":"Storia"}]},{"@type":"WebSite","@id":"https:\/\/www.pizzaprisco.it\/#website","url":"https:\/\/www.pizzaprisco.it\/","name":"jocarestaurant","description":"Pizza verace cilento napoletana","publisher":{"@id":"https:\/\/www.pizzaprisco.it\/#organization"},"potentialAction":[{"@type":"SearchAction","target":{"@type":"EntryPoint","urlTemplate":"https:\/\/www.pizzaprisco.it\/?s={search_term_string}"},"query-input":{"@type":"PropertyValueSpecification","valueRequired":true,"valueName":"search_term_string"}}],"inLanguage":"en-GB"},{"@type":"Organization","@id":"https:\/\/www.pizzaprisco.it\/#organization","name":"Joca","url":"https:\/\/www.pizzaprisco.it\/","logo":{"@type":"ImageObject","inLanguage":"en-GB","@id":"https:\/\/www.pizzaprisco.it\/#\/schema\/logo\/image\/","url":"https:\/\/www.pizzaprisco.it\/wp-content\/uploads\/2024\/02\/joca-asset-logo-00006.svg","contentUrl":"https:\/\/www.pizzaprisco.it\/wp-content\/uploads\/2024\/02\/joca-asset-logo-00006.svg","width":1,"height":1,"caption":"Joca"},"image":{"@id":"https:\/\/www.pizzaprisco.it\/#\/schema\/logo\/image\/"},"sameAs":["https:\/\/www.facebook.com\/profile.php?id=61556349261229","https:\/\/www.instagram.com\/joca.restaurant\/"]}]}},"meta_box":{"id_di_fluent_form":"","seleziona_logo":"Standard","colore_dinamico_basic_a":"Prefedinito","colore_dinamico_basic_b":"Prefedinito","colore_sfondo_basic":"var(--white)","frase_1_basic":"Non \u00e8 una cucina, \u00e8 famiglia.","frase_2_basic":"Dentro ogni piatto c\u2019\u00e8 il forno di mamma, il basilico di pap\u00e0, e quel Vesuvio che ci guarda da lontano e ci sorride.","frase_3_basic":"","frase_4_basic":"","immagine_basic":[],"mostra_slide_header":"0","gruppo_slide_header":[],"mostra_sezione_box":"1","gruppo_box_basic":[{"titolo_box_basic":"Non \u00e8 solo pomodoro, \u00e8 la poesia di mamma.","frase_box_basic":"Dentro ogni sugo c\u2019\u00e8 il calore dei pomodori freschi, e quel tocco magico che solo la famiglia sa dare.","testo_box_basic":"<p class=\"p1\">Non \u00e8 una salsa qualunque, \u00e8 l'eredit\u00e0 di mamma. Nel sugo si fondono il pomodoro appena raccolto, la passione dei ricordi e la tradizione di un tempo.<\/p>","link_bottone_box":"https:\/\/www.pizzaprisco.it\/menu-prisco-a-cava\/","testo_bottone_box":"menu prisco","immagine_box_basic":["3032"],"immagine_box_basic_2":["3123"],"immagine_box_basic_3":["3016"]}],"mostra_sezione_link_download":"1","gruppo_link_basic_it":[],"gruppo_link_basic_en":[],"gruppo_download_it":[],"gruppo_download_en":[],"mostra_sezione_galleria_video":"1","galleria_video_basic":[],"mostra_sezione_gallery":"1","gallery_basic":[{"width":150,"height":150,"file":"2025\/02\/0H8A2061.jpg","filesize":509179,"sizes":{"medium":{"file":"0H8A2061-200x300.jpg","width":200,"height":300,"mime-type":"image\/jpeg","filesize":21086,"url":"https:\/\/www.pizzaprisco.it\/wp-content\/uploads\/2025\/02\/0H8A2061-200x300.jpg"},"large":{"file":"0H8A2061-720x1080.jpg","width":720,"height":1080,"mime-type":"image\/jpeg","filesize":174841,"url":"https:\/\/www.pizzaprisco.it\/wp-content\/uploads\/2025\/02\/0H8A2061-720x1080.jpg"},"thumbnail":{"file":"0H8A2061-150x150.jpg","width":150,"height":150,"mime-type":"image\/jpeg","filesize":10046,"url":"https:\/\/www.pizzaprisco.it\/wp-content\/uploads\/2025\/02\/0H8A2061-150x150.jpg"},"medium_large":{"file":"0H8A2061-768x1152.jpg","width":768,"height":1152,"mime-type":"image\/jpeg","filesize":194140,"url":"https:\/\/www.pizzaprisco.it\/wp-content\/uploads\/2025\/02\/0H8A2061-768x1152.jpg"},"1536x1536":{"file":"0H8A2061-1024x1536.jpg","width":1024,"height":1536,"mime-type":"image\/jpeg","filesize":308845,"url":"https:\/\/www.pizzaprisco.it\/wp-content\/uploads\/2025\/02\/0H8A2061-1024x1536.jpg"},"trp-custom-language-flag":{"file":"0H8A2061-8x12.jpg","width":8,"height":12,"mime-type":"image\/jpeg","filesize":773,"url":"https:\/\/www.pizzaprisco.it\/wp-content\/uploads\/2025\/02\/0H8A2061-8x12.jpg"}},"image_meta":{"aperture":"4.5","credit":"","camera":"Canon EOS R5","caption":"","created_timestamp":"1688129832","copyright":"","focal_length":"50","iso":"800","shutter_speed":"0.00625","title":"","orientation":"0","keywords":[]},"ID":"3030","name":"0H8A2061.jpg","path":"\/home\/prisco\/webapps\/pizzaprisco-it\/wp-content\/uploads\/2025\/02\/0H8A2061.jpg","url":"https:\/\/www.pizzaprisco.it\/wp-content\/uploads\/2025\/02\/0H8A2061-150x150.jpg","full_url":"https:\/\/www.pizzaprisco.it\/wp-content\/uploads\/2025\/02\/0H8A2061.jpg","title":"0H8A2061","caption":"","description":"","alt":"","srcset":false},{"width":150,"height":150,"file":"2025\/02\/0H8A1962.jpg","filesize":870649,"sizes":{"medium":{"file":"0H8A1962-200x300.jpg","width":200,"height":300,"mime-type":"image\/jpeg","filesize":24220,"url":"https:\/\/www.pizzaprisco.it\/wp-content\/uploads\/2025\/02\/0H8A1962-200x300.jpg"},"large":{"file":"0H8A1962-720x1080.jpg","width":720,"height":1080,"mime-type":"image\/jpeg","filesize":257453,"url":"https:\/\/www.pizzaprisco.it\/wp-content\/uploads\/2025\/02\/0H8A1962-720x1080.jpg"},"thumbnail":{"file":"0H8A1962-150x150.jpg","width":150,"height":150,"mime-type":"image\/jpeg","filesize":10520,"url":"https:\/\/www.pizzaprisco.it\/wp-content\/uploads\/2025\/02\/0H8A1962-150x150.jpg"},"medium_large":{"file":"0H8A1962-768x1152.jpg","width":768,"height":1152,"mime-type":"image\/jpeg","filesize":289048,"url":"https:\/\/www.pizzaprisco.it\/wp-content\/uploads\/2025\/02\/0H8A1962-768x1152.jpg"},"1536x1536":{"file":"0H8A1962-1024x1536.jpg","width":1024,"height":1536,"mime-type":"image\/jpeg","filesize":480674,"url":"https:\/\/www.pizzaprisco.it\/wp-content\/uploads\/2025\/02\/0H8A1962-1024x1536.jpg"},"trp-custom-language-flag":{"file":"0H8A1962-8x12.jpg","width":8,"height":12,"mime-type":"image\/jpeg","filesize":755,"url":"https:\/\/www.pizzaprisco.it\/wp-content\/uploads\/2025\/02\/0H8A1962-8x12.jpg"}},"image_meta":{"aperture":"4.5","credit":"","camera":"Canon EOS R5","caption":"","created_timestamp":"1688127201","copyright":"","focal_length":"50","iso":"100","shutter_speed":"0.00625","title":"","orientation":"0","keywords":[]},"ID":"3028","name":"0H8A1962.jpg","path":"\/home\/prisco\/webapps\/pizzaprisco-it\/wp-content\/uploads\/2025\/02\/0H8A1962.jpg","url":"https:\/\/www.pizzaprisco.it\/wp-content\/uploads\/2025\/02\/0H8A1962-150x150.jpg","full_url":"https:\/\/www.pizzaprisco.it\/wp-content\/uploads\/2025\/02\/0H8A1962.jpg","title":"0H8A1962","caption":"","description":"","alt":"","srcset":false},{"width":150,"height":150,"file":"2025\/02\/0H8A1903.jpg","filesize":382403,"sizes":{"medium":{"file":"0H8A1903-200x300.jpg","width":200,"height":300,"mime-type":"image\/jpeg","filesize":18255,"url":"https:\/\/www.pizzaprisco.it\/wp-content\/uploads\/2025\/02\/0H8A1903-200x300.jpg"},"large":{"file":"0H8A1903-720x1080.jpg","width":720,"height":1080,"mime-type":"image\/jpeg","filesize":141026,"url":"https:\/\/www.pizzaprisco.it\/wp-content\/uploads\/2025\/02\/0H8A1903-720x1080.jpg"},"thumbnail":{"file":"0H8A1903-150x150.jpg","width":150,"height":150,"mime-type":"image\/jpeg","filesize":9115,"url":"https:\/\/www.pizzaprisco.it\/wp-content\/uploads\/2025\/02\/0H8A1903-150x150.jpg"},"medium_large":{"file":"0H8A1903-768x1152.jpg","width":768,"height":1152,"mime-type":"image\/jpeg","filesize":155614,"url":"https:\/\/www.pizzaprisco.it\/wp-content\/uploads\/2025\/02\/0H8A1903-768x1152.jpg"},"1536x1536":{"file":"0H8A1903-1024x1536.jpg","width":1024,"height":1536,"mime-type":"image\/jpeg","filesize":243329,"url":"https:\/\/www.pizzaprisco.it\/wp-content\/uploads\/2025\/02\/0H8A1903-1024x1536.jpg"},"trp-custom-language-flag":{"file":"0H8A1903-8x12.jpg","width":8,"height":12,"mime-type":"image\/jpeg","filesize":754,"url":"https:\/\/www.pizzaprisco.it\/wp-content\/uploads\/2025\/02\/0H8A1903-8x12.jpg"}},"image_meta":{"aperture":"4","credit":"","camera":"Canon EOS R5","caption":"","created_timestamp":"1688125978","copyright":"","focal_length":"50","iso":"100","shutter_speed":"0.00625","title":"","orientation":"0","keywords":[]},"ID":"3027","name":"0H8A1903.jpg","path":"\/home\/prisco\/webapps\/pizzaprisco-it\/wp-content\/uploads\/2025\/02\/0H8A1903.jpg","url":"https:\/\/www.pizzaprisco.it\/wp-content\/uploads\/2025\/02\/0H8A1903-150x150.jpg","full_url":"https:\/\/www.pizzaprisco.it\/wp-content\/uploads\/2025\/02\/0H8A1903.jpg","title":"0H8A1903","caption":"","description":"","alt":"","srcset":false},{"width":150,"height":150,"file":"2025\/04\/copertina.jpg","filesize":2070912,"sizes":{"medium":{"file":"copertina-300x195.jpg","width":300,"height":195,"mime-type":"image\/jpeg","filesize":15495,"url":"https:\/\/www.pizzaprisco.it\/wp-content\/uploads\/2025\/04\/copertina-300x195.jpg"},"large":{"file":"copertina-1664x1080.jpg","width":1664,"height":1080,"mime-type":"image\/jpeg","filesize":218673,"url":"https:\/\/www.pizzaprisco.it\/wp-content\/uploads\/2025\/04\/copertina-1664x1080.jpg"},"thumbnail":{"file":"copertina-150x150.jpg","width":150,"height":150,"mime-type":"image\/jpeg","filesize":6949,"url":"https:\/\/www.pizzaprisco.it\/wp-content\/uploads\/2025\/04\/copertina-150x150.jpg"},"medium_large":{"file":"copertina-768x499.jpg","width":768,"height":499,"mime-type":"image\/jpeg","filesize":68146,"url":"https:\/\/www.pizzaprisco.it\/wp-content\/uploads\/2025\/04\/copertina-768x499.jpg"},"1536x1536":{"file":"copertina-1536x997.jpg","width":1536,"height":997,"mime-type":"image\/jpeg","filesize":194728,"url":"https:\/\/www.pizzaprisco.it\/wp-content\/uploads\/2025\/04\/copertina-1536x997.jpg"},"2048x2048":{"file":"copertina-2048x1330.jpg","width":2048,"height":1330,"mime-type":"image\/jpeg","filesize":299414,"url":"https:\/\/www.pizzaprisco.it\/wp-content\/uploads\/2025\/04\/copertina-2048x1330.jpg"},"trp-custom-language-flag":{"file":"copertina-18x12.jpg","width":18,"height":12,"mime-type":"image\/jpeg","filesize":852,"url":"https:\/\/www.pizzaprisco.it\/wp-content\/uploads\/2025\/04\/copertina-18x12.jpg"}},"image_meta":{"aperture":"0","credit":"","camera":"","caption":"","created_timestamp":"0","copyright":"","focal_length":"0","iso":"0","shutter_speed":"0","title":"","orientation":"0","keywords":[]},"ID":"3466","name":"copertina.jpg","path":"\/home\/prisco\/webapps\/pizzaprisco-it\/wp-content\/uploads\/2025\/04\/copertina.jpg","url":"https:\/\/www.pizzaprisco.it\/wp-content\/uploads\/2025\/04\/copertina-150x150.jpg","full_url":"https:\/\/www.pizzaprisco.it\/wp-content\/uploads\/2025\/04\/copertina.jpg","title":"copertina","caption":"","description":"","alt":"","srcset":false}],"mostra_sezione_immagine_full":"1","immagine_full_basic":[{"width":150,"height":150,"file":"2025\/02\/0H8A2015.jpg","filesize":380025,"sizes":{"medium":{"file":"0H8A2015-200x300.jpg","width":200,"height":300,"mime-type":"image\/jpeg","filesize":19140,"url":"https:\/\/www.pizzaprisco.it\/wp-content\/uploads\/2025\/02\/0H8A2015-200x300.jpg"},"large":{"file":"0H8A2015-720x1080.jpg","width":720,"height":1080,"mime-type":"image\/jpeg","filesize":139520,"url":"https:\/\/www.pizzaprisco.it\/wp-content\/uploads\/2025\/02\/0H8A2015-720x1080.jpg"},"thumbnail":{"file":"0H8A2015-150x150.jpg","width":150,"height":150,"mime-type":"image\/jpeg","filesize":9017,"url":"https:\/\/www.pizzaprisco.it\/wp-content\/uploads\/2025\/02\/0H8A2015-150x150.jpg"},"medium_large":{"file":"0H8A2015-768x1152.jpg","width":768,"height":1152,"mime-type":"image\/jpeg","filesize":153358,"url":"https:\/\/www.pizzaprisco.it\/wp-content\/uploads\/2025\/02\/0H8A2015-768x1152.jpg"},"1536x1536":{"file":"0H8A2015-1024x1536.jpg","width":1024,"height":1536,"mime-type":"image\/jpeg","filesize":235853,"url":"https:\/\/www.pizzaprisco.it\/wp-content\/uploads\/2025\/02\/0H8A2015-1024x1536.jpg"},"trp-custom-language-flag":{"file":"0H8A2015-8x12.jpg","width":8,"height":12,"mime-type":"image\/jpeg","filesize":757,"url":"https:\/\/www.pizzaprisco.it\/wp-content\/uploads\/2025\/02\/0H8A2015-8x12.jpg"}},"image_meta":{"aperture":"4.5","credit":"","camera":"Canon EOS R5","caption":"","created_timestamp":"1688129278","copyright":"","focal_length":"50","iso":"500","shutter_speed":"0.00625","title":"","orientation":"0","keywords":[]},"ID":"3029","name":"0H8A2015.jpg","path":"\/home\/prisco\/webapps\/pizzaprisco-it\/wp-content\/uploads\/2025\/02\/0H8A2015.jpg","url":"https:\/\/www.pizzaprisco.it\/wp-content\/uploads\/2025\/02\/0H8A2015-150x150.jpg","full_url":"https:\/\/www.pizzaprisco.it\/wp-content\/uploads\/2025\/02\/0H8A2015.jpg","title":"0H8A2015","caption":"","description":"","alt":"","srcset":false}],"testo_link_immagine_full_basic":"","url_link_immagine_full_basic":"","frase_immagine_full_basic":"","mostra_banner_basic":"1","gruppo_banner_1_basic":{"immagine_banner_1_basic_1":["3118"],"immagine_banner_1_basic_2":["3011"],"immagine_banner_1_basic_3":["3036"],"titolo_banner_1_basic":"Pap\u00e0 diceva che la farina va capita, non misurata \u2013 e intanto impastava come se dovesse aggiustare il mondo.","frase_banner_1_basic":"Faceva la pizza stortarella, mai rotonda, ma buona che sembrava un abbraccio fatto a mano.","testo_banner_1":"Pap\u00e0 parlava poco, ma quando impastava sembrava che ci stesse dicendo di volergli bene.","link_banner_1_basic":"https:\/\/www.pizzaprisco.it\/menu-prisco-a-cava\/","testo_bottone_banner_1_basic":"menu prisco"},"gruppo_banner_2_basic":{"immagine_banner_2_basic_1":["3121"],"immagine_banner_2_basic_2":["3006"],"titolo_banner_2_basic":"Non \u00e8 solo pane, \u00e8 un abbraccio.","frase_banner_2_basic":"Ogni fetta porta il calore del forno della nonna e il sapore autentico di una tradizione che parla di due terre:","testo_banner_2":"il Cilento e Napoli, insieme in un morso."},"immagine_grafica_1":[],"immagine_grafica_2":[],"immagine_grafica_3":[],"immagine_grafica_4":[],"articoli_da_mostrare":"","pagina-pagina_to":["3019","378"],"pagina-articolo_to":[]},"_links":{"self":[{"href":"https:\/\/www.pizzaprisco.it\/en\/wp-json\/wp\/v2\/pages\/35","targetHints":{"allow":["GET"]}}],"collection":[{"href":"https:\/\/www.pizzaprisco.it\/en\/wp-json\/wp\/v2\/pages"}],"about":[{"href":"https:\/\/www.pizzaprisco.it\/en\/wp-json\/wp\/v2\/types\/page"}],"author":[{"embeddable":true,"href":"https:\/\/www.pizzaprisco.it\/en\/wp-json\/wp\/v2\/users\/9"}],"replies":[{"embeddable":true,"href":"https:\/\/www.pizzaprisco.it\/en\/wp-json\/wp\/v2\/comments?post=35"}],"version-history":[{"count":5,"href":"https:\/\/www.pizzaprisco.it\/en\/wp-json\/wp\/v2\/pages\/35\/revisions"}],"predecessor-version":[{"id":3131,"href":"https:\/\/www.pizzaprisco.it\/en\/wp-json\/wp\/v2\/pages\/35\/revisions\/3131"}],"wp:featuredmedia":[{"embeddable":true,"href":"https:\/\/www.pizzaprisco.it\/en\/wp-json\/wp\/v2\/media\/3035"}],"wp:attachment":[{"href":"https:\/\/www.pizzaprisco.it\/en\/wp-json\/wp\/v2\/media?parent=35"}],"curies":[{"name":"wp","href":"https:\/\/api.w.org\/{rel}","templated":true}]}}